{"id":3133,"date":"2022-08-24T15:54:06","date_gmt":"2017-03-27T15:54:06","guid":{"rendered":"https:\/\/garbi.floatstudio.eu\/product\/higienico-domestico-4-rollos\/"},"modified":"2024-02-28T21:55:19","modified_gmt":"2024-02-28T21:55:19","slug":"higienic-ultra-compacte-4-r-a37780","status":"publish","type":"product","link":"https:\/\/garbi.floatstudio.eu\/ca\/product\/higienic-ultra-compacte-4-r-a37780\/","title":{"rendered":"HIGI\u00c8NIC ULTRA COMPACT x4 (AGA04U4802)"},"content":{"rendered":"<p>Paper higi\u00e8nic ultra compacte de gran suavitat i resist\u00e8ncia. Llarga durada.<\/p>\n","protected":false},"excerpt":{"rendered":"<p>Paper higi\u00e8nic ultra compacte de gran suavitat i resist\u00e8ncia. Llarga durada.<\/p>\n","protected":false},"featured_media":5202,"comment_status":"open","ping_status":"closed","template":"","meta":{"_acf_changed":false,"inline_featured_image":false},"product_brand":[],"product_cat":[105],"product_tag":[],"class_list":{"0":"post-3133","1":"product","2":"type-product","3":"status-publish","4":"has-post-thumbnail","6":"product_cat-higienics","8":"first","9":"instock","10":"shipping-taxable","11":"purchasable","12":"product-type-simple"},"acf":[],"_links":{"self":[{"href":"https:\/\/garbi.floatstudio.eu\/ca\/wp-json\/wp\/v2\/product\/3133","targetHints":{"allow":["GET"]}}],"collection":[{"href":"https:\/\/garbi.floatstudio.eu\/ca\/wp-json\/wp\/v2\/product"}],"about":[{"href":"https:\/\/garbi.floatstudio.eu\/ca\/wp-json\/wp\/v2\/types\/product"}],"replies":[{"embeddable":true,"href":"https:\/\/garbi.floatstudio.eu\/ca\/wp-json\/wp\/v2\/comments?post=3133"}],"wp:featuredmedia":[{"embeddable":true,"href":"https:\/\/garbi.floatstudio.eu\/ca\/wp-json\/wp\/v2\/media\/5202"}],"wp:attachment":[{"href":"https:\/\/garbi.floatstudio.eu\/ca\/wp-json\/wp\/v2\/media?parent=3133"}],"wp:term":[{"taxonomy":"product_brand","embeddable":true,"href":"https:\/\/garbi.floatstudio.eu\/ca\/wp-json\/wp\/v2\/product_brand?post=3133"},{"taxonomy":"product_cat","embeddable":true,"href":"https:\/\/garbi.floatstudio.eu\/ca\/wp-json\/wp\/v2\/product_cat?post=3133"},{"taxonomy":"product_tag","embeddable":true,"href":"https:\/\/garbi.floatstudio.eu\/ca\/wp-json\/wp\/v2\/product_tag?post=3133"}],"curies":[{"name":"wp","href":"https:\/\/api.w.org\/{rel}","templated":true}]}}