{"id":3324,"date":"2022-05-01T15:30:10","date_gmt":"2017-06-14T15:30:10","guid":{"rendered":"https:\/\/garbi.floatstudio.eu\/product\/bobina-ind-2-rollos-1500-serv-g1008\/"},"modified":"2024-02-29T22:27:27","modified_gmt":"2024-02-29T22:27:27","slug":"bobina-ind-2-r-1500-serveis-g1008","status":"publish","type":"product","link":"https:\/\/garbi.floatstudio.eu\/ca\/product\/bobina-ind-2-r-1500-serveis-g1008\/","title":{"rendered":"BOBINA INDUSTRIAL x2 1500s (G2008)"},"content":{"rendered":"<p>Bobina industrial de gran resist\u00e8ncia i absorci\u00f3 que permet m\u00e9s capacitat de neteja. Llarga durada. Pretall efica\u00e7.<\/p>\n","protected":false},"excerpt":{"rendered":"<p>Bobina industrial de gran resist\u00e8ncia i absorci\u00f3 que permet m\u00e9s capacitat de neteja. Llarga durada. Pretall efica\u00e7.<\/p>\n","protected":false},"featured_media":2435,"comment_status":"open","ping_status":"closed","template":"","meta":{"_acf_changed":false,"inline_featured_image":false},"product_brand":[],"product_cat":[111],"product_tag":[],"class_list":{"0":"post-3324","1":"product","2":"type-product","3":"status-publish","4":"has-post-thumbnail","6":"product_cat-bobines-industrials","8":"first","9":"instock","10":"shipping-taxable","11":"purchasable","12":"product-type-simple"},"acf":[],"_links":{"self":[{"href":"https:\/\/garbi.floatstudio.eu\/ca\/wp-json\/wp\/v2\/product\/3324","targetHints":{"allow":["GET"]}}],"collection":[{"href":"https:\/\/garbi.floatstudio.eu\/ca\/wp-json\/wp\/v2\/product"}],"about":[{"href":"https:\/\/garbi.floatstudio.eu\/ca\/wp-json\/wp\/v2\/types\/product"}],"replies":[{"embeddable":true,"href":"https:\/\/garbi.floatstudio.eu\/ca\/wp-json\/wp\/v2\/comments?post=3324"}],"wp:featuredmedia":[{"embeddable":true,"href":"https:\/\/garbi.floatstudio.eu\/ca\/wp-json\/wp\/v2\/media\/2435"}],"wp:attachment":[{"href":"https:\/\/garbi.floatstudio.eu\/ca\/wp-json\/wp\/v2\/media?parent=3324"}],"wp:term":[{"taxonomy":"product_brand","embeddable":true,"href":"https:\/\/garbi.floatstudio.eu\/ca\/wp-json\/wp\/v2\/product_brand?post=3324"},{"taxonomy":"product_cat","embeddable":true,"href":"https:\/\/garbi.floatstudio.eu\/ca\/wp-json\/wp\/v2\/product_cat?post=3324"},{"taxonomy":"product_tag","embeddable":true,"href":"https:\/\/garbi.floatstudio.eu\/ca\/wp-json\/wp\/v2\/product_tag?post=3324"}],"curies":[{"name":"wp","href":"https:\/\/api.w.org\/{rel}","templated":true}]}}