{"id":3325,"date":"2022-05-15T15:27:59","date_gmt":"2017-06-14T15:27:59","guid":{"rendered":"https:\/\/garbi.floatstudio.eu\/product\/bobina-ind-2-rollos-1200-serv-g1002\/"},"modified":"2024-02-29T22:22:35","modified_gmt":"2024-02-29T22:22:35","slug":"bobina-ind-2-r-1200-serveis-g1002","status":"publish","type":"product","link":"https:\/\/garbi.floatstudio.eu\/ca\/product\/bobina-ind-2-r-1200-serveis-g1002\/","title":{"rendered":"BOBINA INDUSTRIAL x2 1200s (GGA0274002)"},"content":{"rendered":"<p>Bobina industrial de gran resist\u00e8ncia i absorci\u00f3 que permet m\u00e9s capacitat de neteja. Llarga durada. Pretall efica\u00e7.<\/p>\n","protected":false},"excerpt":{"rendered":"<p>Bobina industrial de gran resist\u00e8ncia i absorci\u00f3 que permet m\u00e9s capacitat de neteja. Llarga durada. Pretall efica\u00e7.<\/p>\n","protected":false},"featured_media":2431,"comment_status":"open","ping_status":"closed","template":"","meta":{"_acf_changed":false,"inline_featured_image":false},"product_brand":[],"product_cat":[111],"product_tag":[],"class_list":{"0":"post-3325","1":"product","2":"type-product","3":"status-publish","4":"has-post-thumbnail","6":"product_cat-bobines-industrials","8":"first","9":"instock","10":"shipping-taxable","11":"purchasable","12":"product-type-simple"},"acf":[],"_links":{"self":[{"href":"https:\/\/garbi.floatstudio.eu\/ca\/wp-json\/wp\/v2\/product\/3325","targetHints":{"allow":["GET"]}}],"collection":[{"href":"https:\/\/garbi.floatstudio.eu\/ca\/wp-json\/wp\/v2\/product"}],"about":[{"href":"https:\/\/garbi.floatstudio.eu\/ca\/wp-json\/wp\/v2\/types\/product"}],"replies":[{"embeddable":true,"href":"https:\/\/garbi.floatstudio.eu\/ca\/wp-json\/wp\/v2\/comments?post=3325"}],"wp:featuredmedia":[{"embeddable":true,"href":"https:\/\/garbi.floatstudio.eu\/ca\/wp-json\/wp\/v2\/media\/2431"}],"wp:attachment":[{"href":"https:\/\/garbi.floatstudio.eu\/ca\/wp-json\/wp\/v2\/media?parent=3325"}],"wp:term":[{"taxonomy":"product_brand","embeddable":true,"href":"https:\/\/garbi.floatstudio.eu\/ca\/wp-json\/wp\/v2\/product_brand?post=3325"},{"taxonomy":"product_cat","embeddable":true,"href":"https:\/\/garbi.floatstudio.eu\/ca\/wp-json\/wp\/v2\/product_cat?post=3325"},{"taxonomy":"product_tag","embeddable":true,"href":"https:\/\/garbi.floatstudio.eu\/ca\/wp-json\/wp\/v2\/product_tag?post=3325"}],"curies":[{"name":"wp","href":"https:\/\/api.w.org\/{rel}","templated":true}]}}