{"id":3770,"date":"2022-06-01T20:05:38","date_gmt":"2022-08-29T15:05:38","guid":{"rendered":"https:\/\/garbi.floatstudio.eu\/product\/secamanos-6-rollos-450-serv-h1013\/"},"modified":"2024-02-29T21:52:14","modified_gmt":"2024-02-29T21:52:14","slug":"eixugamans-6-r-450-serveis-h1013","status":"publish","type":"product","link":"https:\/\/garbi.floatstudio.eu\/ca\/product\/eixugamans-6-r-450-serveis-h1013\/","title":{"rendered":"EIXUGAMANS x6 450s (H2013)"},"content":{"rendered":"<p>Bobina eixugamans metxa de gran resist\u00e8ncia i absorci\u00f3. Permet m\u00e9s capacitat de neteja. Llarga durada.<\/p>\n","protected":false},"excerpt":{"rendered":"<p>Bobina eixugamans metxa de gran resist\u00e8ncia i absorci\u00f3. Permet m\u00e9s capacitat de neteja. Llarga durada.<\/p>\n","protected":false},"featured_media":3775,"comment_status":"closed","ping_status":"closed","template":"","meta":{"_acf_changed":false,"inline_featured_image":false},"product_brand":[],"product_cat":[102],"product_tag":[],"class_list":{"0":"post-3770","1":"product","2":"type-product","3":"status-publish","4":"has-post-thumbnail","6":"product_cat-eixugamans","8":"first","9":"instock","10":"shipping-taxable","11":"purchasable","12":"product-type-simple"},"acf":[],"_links":{"self":[{"href":"https:\/\/garbi.floatstudio.eu\/ca\/wp-json\/wp\/v2\/product\/3770","targetHints":{"allow":["GET"]}}],"collection":[{"href":"https:\/\/garbi.floatstudio.eu\/ca\/wp-json\/wp\/v2\/product"}],"about":[{"href":"https:\/\/garbi.floatstudio.eu\/ca\/wp-json\/wp\/v2\/types\/product"}],"replies":[{"embeddable":true,"href":"https:\/\/garbi.floatstudio.eu\/ca\/wp-json\/wp\/v2\/comments?post=3770"}],"wp:featuredmedia":[{"embeddable":true,"href":"https:\/\/garbi.floatstudio.eu\/ca\/wp-json\/wp\/v2\/media\/3775"}],"wp:attachment":[{"href":"https:\/\/garbi.floatstudio.eu\/ca\/wp-json\/wp\/v2\/media?parent=3770"}],"wp:term":[{"taxonomy":"product_brand","embeddable":true,"href":"https:\/\/garbi.floatstudio.eu\/ca\/wp-json\/wp\/v2\/product_brand?post=3770"},{"taxonomy":"product_cat","embeddable":true,"href":"https:\/\/garbi.floatstudio.eu\/ca\/wp-json\/wp\/v2\/product_cat?post=3770"},{"taxonomy":"product_tag","embeddable":true,"href":"https:\/\/garbi.floatstudio.eu\/ca\/wp-json\/wp\/v2\/product_tag?post=3770"}],"curies":[{"name":"wp","href":"https:\/\/api.w.org\/{rel}","templated":true}]}}