{"id":4330,"date":"2021-07-03T22:04:49","date_gmt":"2021-07-03T22:04:49","guid":{"rendered":"https:\/\/garbi.floatstudio.eu\/?post_type=product&#038;p=4330"},"modified":"2025-11-13T16:44:26","modified_gmt":"2025-11-13T16:44:26","slug":"rotlle-multius-plus-f5119-copia-2","status":"publish","type":"product","link":"https:\/\/garbi.floatstudio.eu\/ca\/product\/rotlle-multius-plus-f5119-copia-2\/","title":{"rendered":"ROTLLE MULTI\u00daS PACK x2 (FGA0250842)"},"content":{"rendered":"<p>Rotlle multi\u00fas pack x2, de 84 m de gran resist\u00e8ncia i absorci\u00f3.<\/p>\n","protected":false},"excerpt":{"rendered":"<p>Rotlle multi\u00fas pack x2, de 84 m de gran resist\u00e8ncia i absorci\u00f3.<\/p>\n","protected":false},"featured_media":4334,"comment_status":"open","ping_status":"closed","template":"","meta":{"_acf_changed":false,"inline_featured_image":false},"product_brand":[],"product_cat":[116],"product_tag":[],"class_list":{"0":"post-4330","1":"product","2":"type-product","3":"status-publish","4":"has-post-thumbnail","6":"product_cat-rotlles-cuina","8":"first","9":"instock","10":"shipping-taxable","11":"purchasable","12":"product-type-simple"},"acf":[],"_links":{"self":[{"href":"https:\/\/garbi.floatstudio.eu\/ca\/wp-json\/wp\/v2\/product\/4330","targetHints":{"allow":["GET"]}}],"collection":[{"href":"https:\/\/garbi.floatstudio.eu\/ca\/wp-json\/wp\/v2\/product"}],"about":[{"href":"https:\/\/garbi.floatstudio.eu\/ca\/wp-json\/wp\/v2\/types\/product"}],"replies":[{"embeddable":true,"href":"https:\/\/garbi.floatstudio.eu\/ca\/wp-json\/wp\/v2\/comments?post=4330"}],"wp:featuredmedia":[{"embeddable":true,"href":"https:\/\/garbi.floatstudio.eu\/ca\/wp-json\/wp\/v2\/media\/4334"}],"wp:attachment":[{"href":"https:\/\/garbi.floatstudio.eu\/ca\/wp-json\/wp\/v2\/media?parent=4330"}],"wp:term":[{"taxonomy":"product_brand","embeddable":true,"href":"https:\/\/garbi.floatstudio.eu\/ca\/wp-json\/wp\/v2\/product_brand?post=4330"},{"taxonomy":"product_cat","embeddable":true,"href":"https:\/\/garbi.floatstudio.eu\/ca\/wp-json\/wp\/v2\/product_cat?post=4330"},{"taxonomy":"product_tag","embeddable":true,"href":"https:\/\/garbi.floatstudio.eu\/ca\/wp-json\/wp\/v2\/product_tag?post=4330"}],"curies":[{"name":"wp","href":"https:\/\/api.w.org\/{rel}","templated":true}]}}