{"id":5598,"date":"2026-04-23T21:41:27","date_gmt":"2026-04-23T21:41:27","guid":{"rendered":"https:\/\/garbi.floatstudio.eu\/?post_type=product&#038;p=5598"},"modified":"2026-04-29T09:36:56","modified_gmt":"2026-04-29T09:36:56","slug":"bobina-industrial-x2-900s-gga0273002-copia","status":"publish","type":"product","link":"https:\/\/garbi.floatstudio.eu\/ca\/product\/bobina-industrial-x2-900s-gga0273002-copia\/","title":{"rendered":"BOBINA INDUSTRIAL LLISA x2 1837s (GGA02L0402)"},"content":{"rendered":"<p>Bobina industrial de gran resist\u00e8ncia i absorci\u00f3 que permet m\u00e9s capacitat de neteja. Llarga durada. Pretall efica\u00e7.<\/p>\n","protected":false},"excerpt":{"rendered":"<p>Bobina industrial de gran resist\u00e8ncia i absorci\u00f3 que permet m\u00e9s capacitat de neteja. Llarga durada. Pretall efica\u00e7.<\/p>\n","protected":false},"featured_media":5582,"comment_status":"open","ping_status":"closed","template":"","meta":{"_acf_changed":false,"inline_featured_image":false},"product_brand":[],"product_cat":[151],"product_tag":[],"class_list":{"0":"post-5598","1":"product","2":"type-product","3":"status-publish","4":"has-post-thumbnail","6":"product_cat-productes-llisos","8":"first","9":"instock","10":"featured","11":"shipping-taxable","12":"purchasable","13":"product-type-simple"},"acf":[],"_links":{"self":[{"href":"https:\/\/garbi.floatstudio.eu\/ca\/wp-json\/wp\/v2\/product\/5598","targetHints":{"allow":["GET"]}}],"collection":[{"href":"https:\/\/garbi.floatstudio.eu\/ca\/wp-json\/wp\/v2\/product"}],"about":[{"href":"https:\/\/garbi.floatstudio.eu\/ca\/wp-json\/wp\/v2\/types\/product"}],"replies":[{"embeddable":true,"href":"https:\/\/garbi.floatstudio.eu\/ca\/wp-json\/wp\/v2\/comments?post=5598"}],"wp:featuredmedia":[{"embeddable":true,"href":"https:\/\/garbi.floatstudio.eu\/ca\/wp-json\/wp\/v2\/media\/5582"}],"wp:attachment":[{"href":"https:\/\/garbi.floatstudio.eu\/ca\/wp-json\/wp\/v2\/media?parent=5598"}],"wp:term":[{"taxonomy":"product_brand","embeddable":true,"href":"https:\/\/garbi.floatstudio.eu\/ca\/wp-json\/wp\/v2\/product_brand?post=5598"},{"taxonomy":"product_cat","embeddable":true,"href":"https:\/\/garbi.floatstudio.eu\/ca\/wp-json\/wp\/v2\/product_cat?post=5598"},{"taxonomy":"product_tag","embeddable":true,"href":"https:\/\/garbi.floatstudio.eu\/ca\/wp-json\/wp\/v2\/product_tag?post=5598"}],"curies":[{"name":"wp","href":"https:\/\/api.w.org\/{rel}","templated":true}]}}