{"id":3140,"date":"2022-08-15T16:03:08","date_gmt":"2017-03-27T16:03:08","guid":{"rendered":"https:\/\/garbi.floatstudio.eu\/product\/higienico-domestico-aloe-6-rollos\/"},"modified":"2024-04-08T14:35:47","modified_gmt":"2024-04-08T14:35:47","slug":"papier-hygienique-aloe-6-r-a77101","status":"publish","type":"product","link":"https:\/\/garbi.floatstudio.eu\/fr\/produit\/papier-hygienique-aloe-6-r-a77101\/","title":{"rendered":"PAPIER HYGI\u00c9NIQUE ALOE 6r (AGA06D1603)"},"content":{"rendered":"<p>Papier hygi\u00e9nique, douceur optimale. Triple couche. Avec aloe vera. D\u00e9cor\u00e9 de couleur vert.<\/p>\n","protected":false},"excerpt":{"rendered":"<p>Papier hygi\u00e9nique, douceur optimale. Triple couche. Avec aloe vera. D\u00e9cor\u00e9 de couleur vert.<\/p>\n","protected":false},"featured_media":4899,"comment_status":"open","ping_status":"closed","template":"","meta":{"_acf_changed":false,"inline_featured_image":false},"product_brand":[],"product_cat":[107],"product_tag":[],"class_list":{"0":"post-3140","1":"product","2":"type-product","3":"status-publish","4":"has-post-thumbnail","6":"product_cat-papier-hygienique","8":"first","9":"instock","10":"featured","11":"shipping-taxable","12":"purchasable","13":"product-type-simple"},"acf":[],"_links":{"self":[{"href":"https:\/\/garbi.floatstudio.eu\/fr\/wp-json\/wp\/v2\/product\/3140","targetHints":{"allow":["GET"]}}],"collection":[{"href":"https:\/\/garbi.floatstudio.eu\/fr\/wp-json\/wp\/v2\/product"}],"about":[{"href":"https:\/\/garbi.floatstudio.eu\/fr\/wp-json\/wp\/v2\/types\/product"}],"replies":[{"embeddable":true,"href":"https:\/\/garbi.floatstudio.eu\/fr\/wp-json\/wp\/v2\/comments?post=3140"}],"wp:featuredmedia":[{"embeddable":true,"href":"https:\/\/garbi.floatstudio.eu\/fr\/wp-json\/wp\/v2\/media\/4899"}],"wp:attachment":[{"href":"https:\/\/garbi.floatstudio.eu\/fr\/wp-json\/wp\/v2\/media?parent=3140"}],"wp:term":[{"taxonomy":"product_brand","embeddable":true,"href":"https:\/\/garbi.floatstudio.eu\/fr\/wp-json\/wp\/v2\/product_brand?post=3140"},{"taxonomy":"product_cat","embeddable":true,"href":"https:\/\/garbi.floatstudio.eu\/fr\/wp-json\/wp\/v2\/product_cat?post=3140"},{"taxonomy":"product_tag","embeddable":true,"href":"https:\/\/garbi.floatstudio.eu\/fr\/wp-json\/wp\/v2\/product_tag?post=3140"}],"curies":[{"name":"wp","href":"https:\/\/api.w.org\/{rel}","templated":true}]}}