{"id":3219,"date":"2022-05-30T15:20:59","date_gmt":"2017-06-14T15:20:59","guid":{"rendered":"https:\/\/garbi.floatstudio.eu\/product\/bobina-ind-2-rollos-900s-g1001\/"},"modified":"2024-03-04T13:45:19","modified_gmt":"2024-03-04T13:45:19","slug":"bobine-ind-2-r-900-services-g1001","status":"publish","type":"product","link":"https:\/\/garbi.floatstudio.eu\/fr\/produit\/bobine-ind-2-r-900-services-g1001\/","title":{"rendered":"BOBINE INDUSTRIELLE x2 900s (GGA0273002)"},"content":{"rendered":"<p>Bobine industrielle, dot\u00e9e d&rsquo;une grande r\u00e9sistance. Plus absorbante, elle permet une grande capacit\u00e9 de nettoyage. Longue dur\u00e9e. Pr\u00e9-coupe efficace.<\/p>\n","protected":false},"excerpt":{"rendered":"<p>Bobine industrielle, dot\u00e9e d&rsquo;une grande r\u00e9sistance. Plus absorbante, elle permet une grande capacit\u00e9 de nettoyage. Longue dur\u00e9e. Pr\u00e9-coupe efficace.<\/p>\n","protected":false},"featured_media":5124,"comment_status":"open","ping_status":"closed","template":"","meta":{"_acf_changed":false,"inline_featured_image":false},"product_brand":[],"product_cat":[113],"product_tag":[],"class_list":{"0":"post-3219","1":"product","2":"type-product","3":"status-publish","4":"has-post-thumbnail","6":"product_cat-bobines-industrielles","8":"first","9":"instock","10":"featured","11":"shipping-taxable","12":"purchasable","13":"product-type-simple"},"acf":[],"_links":{"self":[{"href":"https:\/\/garbi.floatstudio.eu\/fr\/wp-json\/wp\/v2\/product\/3219","targetHints":{"allow":["GET"]}}],"collection":[{"href":"https:\/\/garbi.floatstudio.eu\/fr\/wp-json\/wp\/v2\/product"}],"about":[{"href":"https:\/\/garbi.floatstudio.eu\/fr\/wp-json\/wp\/v2\/types\/product"}],"replies":[{"embeddable":true,"href":"https:\/\/garbi.floatstudio.eu\/fr\/wp-json\/wp\/v2\/comments?post=3219"}],"wp:featuredmedia":[{"embeddable":true,"href":"https:\/\/garbi.floatstudio.eu\/fr\/wp-json\/wp\/v2\/media\/5124"}],"wp:attachment":[{"href":"https:\/\/garbi.floatstudio.eu\/fr\/wp-json\/wp\/v2\/media?parent=3219"}],"wp:term":[{"taxonomy":"product_brand","embeddable":true,"href":"https:\/\/garbi.floatstudio.eu\/fr\/wp-json\/wp\/v2\/product_brand?post=3219"},{"taxonomy":"product_cat","embeddable":true,"href":"https:\/\/garbi.floatstudio.eu\/fr\/wp-json\/wp\/v2\/product_cat?post=3219"},{"taxonomy":"product_tag","embeddable":true,"href":"https:\/\/garbi.floatstudio.eu\/fr\/wp-json\/wp\/v2\/product_tag?post=3219"}],"curies":[{"name":"wp","href":"https:\/\/api.w.org\/{rel}","templated":true}]}}