{"id":3319,"date":"2022-07-22T11:05:35","date_gmt":"2017-03-29T11:05:35","guid":{"rendered":"https:\/\/garbi.floatstudio.eu\/product\/papel-cocina-4-rollos-b7103\/"},"modified":"2024-06-11T07:35:01","modified_gmt":"2024-06-11T07:35:01","slug":"papier-essuie-tout-4-rouleaux-b8303","status":"publish","type":"product","link":"https:\/\/garbi.floatstudio.eu\/fr\/produit\/papier-essuie-tout-4-rouleaux-b8303\/","title":{"rendered":"PAPIER ESSUIE-TOUT x4 (BGA04S0402)"},"content":{"rendered":"<p>Papier essuie-tout, dot\u00e9 d&rsquo;une grande r\u00e9sistance et d&rsquo;une grande capacit\u00e9 d&rsquo;absorption.<\/p>\n","protected":false},"excerpt":{"rendered":"<p>Papier essuie-tout, dot\u00e9 d&rsquo;une grande r\u00e9sistance et d&rsquo;une grande capacit\u00e9 d&rsquo;absorption.<\/p>\n","protected":false},"featured_media":5212,"comment_status":"open","ping_status":"closed","template":"","meta":{"_acf_changed":false,"inline_featured_image":false},"product_brand":[],"product_cat":[118],"product_tag":[],"class_list":{"0":"post-3319","1":"product","2":"type-product","3":"status-publish","4":"has-post-thumbnail","6":"product_cat-rouleaux-essuie-tout","8":"first","9":"instock","10":"shipping-taxable","11":"purchasable","12":"product-type-simple"},"acf":[],"_links":{"self":[{"href":"https:\/\/garbi.floatstudio.eu\/fr\/wp-json\/wp\/v2\/product\/3319","targetHints":{"allow":["GET"]}}],"collection":[{"href":"https:\/\/garbi.floatstudio.eu\/fr\/wp-json\/wp\/v2\/product"}],"about":[{"href":"https:\/\/garbi.floatstudio.eu\/fr\/wp-json\/wp\/v2\/types\/product"}],"replies":[{"embeddable":true,"href":"https:\/\/garbi.floatstudio.eu\/fr\/wp-json\/wp\/v2\/comments?post=3319"}],"wp:featuredmedia":[{"embeddable":true,"href":"https:\/\/garbi.floatstudio.eu\/fr\/wp-json\/wp\/v2\/media\/5212"}],"wp:attachment":[{"href":"https:\/\/garbi.floatstudio.eu\/fr\/wp-json\/wp\/v2\/media?parent=3319"}],"wp:term":[{"taxonomy":"product_brand","embeddable":true,"href":"https:\/\/garbi.floatstudio.eu\/fr\/wp-json\/wp\/v2\/product_brand?post=3319"},{"taxonomy":"product_cat","embeddable":true,"href":"https:\/\/garbi.floatstudio.eu\/fr\/wp-json\/wp\/v2\/product_cat?post=3319"},{"taxonomy":"product_tag","embeddable":true,"href":"https:\/\/garbi.floatstudio.eu\/fr\/wp-json\/wp\/v2\/product_tag?post=3319"}],"curies":[{"name":"wp","href":"https:\/\/api.w.org\/{rel}","templated":true}]}}