{"id":3369,"date":"2022-06-14T15:50:12","date_gmt":"2017-06-14T15:50:12","guid":{"rendered":"https:\/\/garbi.floatstudio.eu\/product\/hig-jumbo-18-rollos-400-serv-i4021\/"},"modified":"2024-03-04T13:42:45","modified_gmt":"2024-03-04T13:42:45","slug":"papier-hyg-jumbo-18-r-400-serv-i4021","status":"publish","type":"product","link":"https:\/\/garbi.floatstudio.eu\/fr\/produit\/papier-hyg-jumbo-18-r-400-serv-i4021\/","title":{"rendered":"PAPIER HYGI\u00c9NIQUE JUMBO x18 400s (IGA1841402)"},"content":{"rendered":"<p>Papier hygi\u00e9nique professionnel, son gaufrage Premium lui donne une plus grande douceur et une plus grande r\u00e9sistance. Longue dur\u00e9e.<\/p>\n","protected":false},"excerpt":{"rendered":"<p>Papier hygi\u00e9nique professionnel, son gaufrage Premium lui donne une plus grande douceur et une plus grande r\u00e9sistance. Longue dur\u00e9e.<\/p>\n","protected":false},"featured_media":3928,"comment_status":"open","ping_status":"closed","template":"","meta":{"_acf_changed":false,"inline_featured_image":false},"product_brand":[],"product_cat":[138],"product_tag":[],"class_list":{"0":"post-3369","1":"product","2":"type-product","3":"status-publish","4":"has-post-thumbnail","6":"product_cat-papier-hygienique-industriel","8":"first","9":"instock","10":"shipping-taxable","11":"purchasable","12":"product-type-simple"},"acf":[],"_links":{"self":[{"href":"https:\/\/garbi.floatstudio.eu\/fr\/wp-json\/wp\/v2\/product\/3369","targetHints":{"allow":["GET"]}}],"collection":[{"href":"https:\/\/garbi.floatstudio.eu\/fr\/wp-json\/wp\/v2\/product"}],"about":[{"href":"https:\/\/garbi.floatstudio.eu\/fr\/wp-json\/wp\/v2\/types\/product"}],"replies":[{"embeddable":true,"href":"https:\/\/garbi.floatstudio.eu\/fr\/wp-json\/wp\/v2\/comments?post=3369"}],"wp:featuredmedia":[{"embeddable":true,"href":"https:\/\/garbi.floatstudio.eu\/fr\/wp-json\/wp\/v2\/media\/3928"}],"wp:attachment":[{"href":"https:\/\/garbi.floatstudio.eu\/fr\/wp-json\/wp\/v2\/media?parent=3369"}],"wp:term":[{"taxonomy":"product_brand","embeddable":true,"href":"https:\/\/garbi.floatstudio.eu\/fr\/wp-json\/wp\/v2\/product_brand?post=3369"},{"taxonomy":"product_cat","embeddable":true,"href":"https:\/\/garbi.floatstudio.eu\/fr\/wp-json\/wp\/v2\/product_cat?post=3369"},{"taxonomy":"product_tag","embeddable":true,"href":"https:\/\/garbi.floatstudio.eu\/fr\/wp-json\/wp\/v2\/product_tag?post=3369"}],"curies":[{"name":"wp","href":"https:\/\/api.w.org\/{rel}","templated":true}]}}