{"id":3374,"date":"2022-04-30T10:55:07","date_gmt":"2017-06-20T10:55:07","guid":{"rendered":"https:\/\/garbi.floatstudio.eu\/product\/dispensador-higienico-pb0002\/"},"modified":"2022-09-01T11:48:33","modified_gmt":"2022-09-01T11:48:33","slug":"distributeur-papier-hyg-pb0002","status":"publish","type":"product","link":"https:\/\/garbi.floatstudio.eu\/fr\/produit\/distributeur-papier-hyg-pb0002\/","title":{"rendered":"DISTRIBUTEUR PAPIER HYG. (PB0002)"},"content":{"rendered":"<p>Distributeur fabriqu\u00e9 en ABS. Pour les rouleaux industriels allant jusqu\u2019\u00e0 300 m. Avec fermeture \u00e0 cl\u00e9 de s\u00e9curit\u00e9.<\/p>\n","protected":false},"excerpt":{"rendered":"<p>Distributeur fabriqu\u00e9 en ABS. Pour les rouleaux industriels allant jusqu\u2019\u00e0 300 m. Avec fermeture \u00e0 cl\u00e9 de s\u00e9curit\u00e9.<\/p>\n","protected":false},"featured_media":609,"comment_status":"open","ping_status":"closed","template":"","meta":{"_acf_changed":false,"inline_featured_image":false},"product_brand":[],"product_cat":[124],"product_tag":[],"class_list":{"0":"post-3374","1":"product","2":"type-product","3":"status-publish","4":"has-post-thumbnail","6":"product_cat-distributeurs","8":"first","9":"instock","10":"shipping-taxable","11":"purchasable","12":"product-type-simple"},"acf":[],"_links":{"self":[{"href":"https:\/\/garbi.floatstudio.eu\/fr\/wp-json\/wp\/v2\/product\/3374","targetHints":{"allow":["GET"]}}],"collection":[{"href":"https:\/\/garbi.floatstudio.eu\/fr\/wp-json\/wp\/v2\/product"}],"about":[{"href":"https:\/\/garbi.floatstudio.eu\/fr\/wp-json\/wp\/v2\/types\/product"}],"replies":[{"embeddable":true,"href":"https:\/\/garbi.floatstudio.eu\/fr\/wp-json\/wp\/v2\/comments?post=3374"}],"wp:featuredmedia":[{"embeddable":true,"href":"https:\/\/garbi.floatstudio.eu\/fr\/wp-json\/wp\/v2\/media\/609"}],"wp:attachment":[{"href":"https:\/\/garbi.floatstudio.eu\/fr\/wp-json\/wp\/v2\/media?parent=3374"}],"wp:term":[{"taxonomy":"product_brand","embeddable":true,"href":"https:\/\/garbi.floatstudio.eu\/fr\/wp-json\/wp\/v2\/product_brand?post=3374"},{"taxonomy":"product_cat","embeddable":true,"href":"https:\/\/garbi.floatstudio.eu\/fr\/wp-json\/wp\/v2\/product_cat?post=3374"},{"taxonomy":"product_tag","embeddable":true,"href":"https:\/\/garbi.floatstudio.eu\/fr\/wp-json\/wp\/v2\/product_tag?post=3374"}],"curies":[{"name":"wp","href":"https:\/\/api.w.org\/{rel}","templated":true}]}}