{"id":5230,"date":"2025-07-16T14:30:51","date_gmt":"2025-07-16T14:30:51","guid":{"rendered":"https:\/\/garbi.floatstudio.eu\/product\/servilletas-40x40-punta-punta-cga40s0502\/"},"modified":"2025-07-17T16:15:43","modified_gmt":"2025-07-17T16:15:43","slug":"servilletas-40x40-punta-punta-cga40s0502","status":"publish","type":"product","link":"https:\/\/garbi.floatstudio.eu\/fr\/produit\/servilletas-40x40-punta-punta-cga40s0502\/","title":{"rendered":"SERVIETTES DE TABLE 40&#215;40 (CGA40S0502)"},"content":{"rendered":"<p>Serviettes de table double \u00e9paisseur offrant une douceur extr\u00eame et une r\u00e9sistance \u00e9lev\u00e9e \u00e0 l\u2019humidit\u00e9. <\/p>\n","protected":false},"excerpt":{"rendered":"<p>Serviettes de table double \u00e9paisseur offrant une douceur extr\u00eame et une r\u00e9sistance \u00e9lev\u00e9e \u00e0 l\u2019humidit\u00e9.<\/p>\n","protected":false},"featured_media":5223,"comment_status":"open","ping_status":"closed","template":"","meta":{"_acf_changed":false,"inline_featured_image":false},"product_brand":[],"product_cat":[149],"product_tag":[],"class_list":{"0":"post-5230","1":"product","2":"type-product","3":"status-publish","4":"has-post-thumbnail","6":"product_cat-serviettes","8":"first","9":"instock","10":"shipping-taxable","11":"purchasable","12":"product-type-simple"},"acf":[],"_links":{"self":[{"href":"https:\/\/garbi.floatstudio.eu\/fr\/wp-json\/wp\/v2\/product\/5230","targetHints":{"allow":["GET"]}}],"collection":[{"href":"https:\/\/garbi.floatstudio.eu\/fr\/wp-json\/wp\/v2\/product"}],"about":[{"href":"https:\/\/garbi.floatstudio.eu\/fr\/wp-json\/wp\/v2\/types\/product"}],"replies":[{"embeddable":true,"href":"https:\/\/garbi.floatstudio.eu\/fr\/wp-json\/wp\/v2\/comments?post=5230"}],"wp:featuredmedia":[{"embeddable":true,"href":"https:\/\/garbi.floatstudio.eu\/fr\/wp-json\/wp\/v2\/media\/5223"}],"wp:attachment":[{"href":"https:\/\/garbi.floatstudio.eu\/fr\/wp-json\/wp\/v2\/media?parent=5230"}],"wp:term":[{"taxonomy":"product_brand","embeddable":true,"href":"https:\/\/garbi.floatstudio.eu\/fr\/wp-json\/wp\/v2\/product_brand?post=5230"},{"taxonomy":"product_cat","embeddable":true,"href":"https:\/\/garbi.floatstudio.eu\/fr\/wp-json\/wp\/v2\/product_cat?post=5230"},{"taxonomy":"product_tag","embeddable":true,"href":"https:\/\/garbi.floatstudio.eu\/fr\/wp-json\/wp\/v2\/product_tag?post=5230"}],"curies":[{"name":"wp","href":"https:\/\/api.w.org\/{rel}","templated":true}]}}