{"id":5287,"date":"2025-10-08T15:13:44","date_gmt":"2025-10-08T15:13:44","guid":{"rendered":"https:\/\/garbi.floatstudio.eu\/?post_type=product&#038;p=5287"},"modified":"2025-10-09T11:04:13","modified_gmt":"2025-10-09T11:04:13","slug":"serviettes-de-table-40x40-cga40s0502-copia","status":"publish","type":"product","link":"https:\/\/garbi.floatstudio.eu\/fr\/produit\/serviettes-de-table-40x40-cga40s0502-copia\/","title":{"rendered":"SERVIETTES DE TABLE 33&#215;33 (CGA42S1002)"},"content":{"rendered":"<p>Serviettes de table double \u00e9paisseur offrant une douceur extr\u00eame et une r\u00e9sistance \u00e9lev\u00e9e \u00e0 l\u2019humidit\u00e9. <\/p>\n","protected":false},"excerpt":{"rendered":"<p>Serviettes de table double \u00e9paisseur offrant une douceur extr\u00eame et une r\u00e9sistance \u00e9lev\u00e9e \u00e0 l\u2019humidit\u00e9.<\/p>\n","protected":false},"featured_media":5291,"comment_status":"open","ping_status":"closed","template":"","meta":{"_acf_changed":false,"inline_featured_image":false},"product_brand":[],"product_cat":[149],"product_tag":[],"class_list":{"0":"post-5287","1":"product","2":"type-product","3":"status-publish","4":"has-post-thumbnail","6":"product_cat-serviettes","8":"first","9":"instock","10":"shipping-taxable","11":"purchasable","12":"product-type-simple"},"acf":[],"_links":{"self":[{"href":"https:\/\/garbi.floatstudio.eu\/fr\/wp-json\/wp\/v2\/product\/5287","targetHints":{"allow":["GET"]}}],"collection":[{"href":"https:\/\/garbi.floatstudio.eu\/fr\/wp-json\/wp\/v2\/product"}],"about":[{"href":"https:\/\/garbi.floatstudio.eu\/fr\/wp-json\/wp\/v2\/types\/product"}],"replies":[{"embeddable":true,"href":"https:\/\/garbi.floatstudio.eu\/fr\/wp-json\/wp\/v2\/comments?post=5287"}],"wp:featuredmedia":[{"embeddable":true,"href":"https:\/\/garbi.floatstudio.eu\/fr\/wp-json\/wp\/v2\/media\/5291"}],"wp:attachment":[{"href":"https:\/\/garbi.floatstudio.eu\/fr\/wp-json\/wp\/v2\/media?parent=5287"}],"wp:term":[{"taxonomy":"product_brand","embeddable":true,"href":"https:\/\/garbi.floatstudio.eu\/fr\/wp-json\/wp\/v2\/product_brand?post=5287"},{"taxonomy":"product_cat","embeddable":true,"href":"https:\/\/garbi.floatstudio.eu\/fr\/wp-json\/wp\/v2\/product_cat?post=5287"},{"taxonomy":"product_tag","embeddable":true,"href":"https:\/\/garbi.floatstudio.eu\/fr\/wp-json\/wp\/v2\/product_tag?post=5287"}],"curies":[{"name":"wp","href":"https:\/\/api.w.org\/{rel}","templated":true}]}}