{"id":5596,"date":"2026-04-23T21:32:26","date_gmt":"2026-04-23T21:32:26","guid":{"rendered":"https:\/\/garbi.floatstudio.eu\/?post_type=product&#038;p=5596"},"modified":"2026-04-29T09:35:09","modified_gmt":"2026-04-29T09:35:09","slug":"essuie-mains-x6-260s-hga0670852-copia","status":"publish","type":"product","link":"https:\/\/garbi.floatstudio.eu\/fr\/produit\/essuie-mains-x6-260s-hga0670852-copia\/","title":{"rendered":"ESSUIE-MAINS LISSE x6 507s (HGA06L9502)"},"content":{"rendered":"<p>Bobine essuie-mains mecha, dot\u00e9e d&rsquo;une grande r\u00e9sistance. Plus absorbante, elle permet une grande capacit\u00e9 de nettoyage. Longue dur\u00e9e.<\/p>\n","protected":false},"excerpt":{"rendered":"<p>Bobine essuie-mains mecha, dot\u00e9e d&rsquo;une grande r\u00e9sistance. Plus absorbante, elle permet une grande capacit\u00e9 de nettoyage. Longue dur\u00e9e.<\/p>\n","protected":false},"featured_media":5588,"comment_status":"open","ping_status":"closed","template":"","meta":{"_acf_changed":false,"inline_featured_image":false},"product_brand":[],"product_cat":[153],"product_tag":[],"class_list":{"0":"post-5596","1":"product","2":"type-product","3":"status-publish","4":"has-post-thumbnail","6":"product_cat-produits-lisses","8":"first","9":"instock","10":"shipping-taxable","11":"purchasable","12":"product-type-simple"},"acf":[],"_links":{"self":[{"href":"https:\/\/garbi.floatstudio.eu\/fr\/wp-json\/wp\/v2\/product\/5596","targetHints":{"allow":["GET"]}}],"collection":[{"href":"https:\/\/garbi.floatstudio.eu\/fr\/wp-json\/wp\/v2\/product"}],"about":[{"href":"https:\/\/garbi.floatstudio.eu\/fr\/wp-json\/wp\/v2\/types\/product"}],"replies":[{"embeddable":true,"href":"https:\/\/garbi.floatstudio.eu\/fr\/wp-json\/wp\/v2\/comments?post=5596"}],"wp:featuredmedia":[{"embeddable":true,"href":"https:\/\/garbi.floatstudio.eu\/fr\/wp-json\/wp\/v2\/media\/5588"}],"wp:attachment":[{"href":"https:\/\/garbi.floatstudio.eu\/fr\/wp-json\/wp\/v2\/media?parent=5596"}],"wp:term":[{"taxonomy":"product_brand","embeddable":true,"href":"https:\/\/garbi.floatstudio.eu\/fr\/wp-json\/wp\/v2\/product_brand?post=5596"},{"taxonomy":"product_cat","embeddable":true,"href":"https:\/\/garbi.floatstudio.eu\/fr\/wp-json\/wp\/v2\/product_cat?post=5596"},{"taxonomy":"product_tag","embeddable":true,"href":"https:\/\/garbi.floatstudio.eu\/fr\/wp-json\/wp\/v2\/product_tag?post=5596"}],"curies":[{"name":"wp","href":"https:\/\/api.w.org\/{rel}","templated":true}]}}